{"id":213,"date":"2024-06-28T10:13:49","date_gmt":"2024-06-28T10:13:49","guid":{"rendered":"https:\/\/holisticscar.com\/9-2\/"},"modified":"2024-08-04T22:14:51","modified_gmt":"2024-08-04T22:14:51","slug":"9-2","status":"publish","type":"page","link":"https:\/\/holisticscar.com\/de\/","title":{"rendered":"Holistic Scar"},"content":{"rendered":"<div class=\"wpb-content-wrapper\"><p>[vc_row][vc_column]\n\t\t\t<!-- START Slider 1 1 1 REVOLUTION SLIDER 6.6.20 --><p class=\"rs-p-wp-fix\"><\/p>\n\t\t\t<rs-module-wrap id=\"rev_slider_3_1_wrapper\" data-source=\"gallery\" style=\"visibility:hidden;background:transparent;padding:0;margin:0px auto;margin-top:0;margin-bottom:0;\">\n\t\t\t\t<rs-module id=\"rev_slider_3_1\" style=\"\" data-version=\"6.6.20\">\n\t\t\t\t\t<rs-slides style=\"overflow: hidden; position: absolute;\">\n\t\t\t\t\t\t<rs-slide style=\"position: absolute;\" data-key=\"rs-3\" data-title=\"Slide\" data-in=\"o:0;\" data-out=\"a:false;\">\n\t\t\t\t\t\t\t<img decoding=\"async\" src=\"\/\/holisticscar.com\/wp-content\/plugins\/revslider\/public\/assets\/assets\/dummy.png\" alt=\"Slide\" title=\"Holistic Scar\" class=\"rev-slidebg tp-rs-img rs-lazyload\" data-lazyload=\"\/\/holisticscar.com\/wp-content\/plugins\/revslider\/public\/assets\/assets\/transparent.png\" data-bg=\"c:linear-gradient(rgba(241,238,236,1) 0%, rgba(240,238,239,1) 100%);\" data-no-retina>\n<!--\n\t\t\t\t\t\t\t--><rs-layer\n\t\t\t\t\t\t\t\tid=\"slider-3-slide-3-layer-0\" \n\t\t\t\t\t\t\t\tdata-type=\"image\"\n\t\t\t\t\t\t\t\tdata-rsp_ch=\"on\"\n\t\t\t\t\t\t\t\tdata-xy=\"x:-197px;y:b;\"\n\t\t\t\t\t\t\t\tdata-text=\"w:normal;\"\n\t\t\t\t\t\t\t\tdata-dim=\"w:1033px;h:683px;\"\n\t\t\t\t\t\t\t\tdata-frame_999=\"o:0;st:w;\"\n\t\t\t\t\t\t\t\tstyle=\"z-index:6;\"\n\t\t\t\t\t\t\t><img decoding=\"async\" src=\"\/\/holisticscar.com\/wp-content\/plugins\/revslider\/public\/assets\/assets\/dummy.png\" alt=\"\" class=\"tp-rs-img rs-lazyload\" width=\"1400\" height=\"925\" data-lazyload=\"\/\/holisticscar.com\/wp-content\/uploads\/2024\/06\/aa-transparent.png\" data-no-retina> \n\t\t\t\t\t\t\t<\/rs-layer><!--\n\n\t\t\t\t\t\t\t--><rs-layer\n\t\t\t\t\t\t\t\tid=\"slider-3-slide-3-layer-1\" \n\t\t\t\t\t\t\t\tclass=\"dsarisemibolditalic\"\n\t\t\t\t\t\t\t\tdata-type=\"text\"\n\t\t\t\t\t\t\t\tdata-color=\"#705250\"\n\t\t\t\t\t\t\t\tdata-rsp_ch=\"on\"\n\t\t\t\t\t\t\t\tdata-xy=\"x:r;xo:90px;y:c;\"\n\t\t\t\t\t\t\t\tdata-text=\"w:normal;s:66;l:70;\"\n\t\t\t\t\t\t\t\tdata-dim=\"w:390px;\"\n\t\t\t\t\t\t\t\tdata-frame_999=\"o:0;st:w;\"\n\t\t\t\t\t\t\t\tstyle=\"z-index:9;font-family:'Roboto';\"\n\t\t\t\t\t\t\t>Holistic Scar \n\t\t\t\t\t\t\t<\/rs-layer><!--\n\n\t\t\t\t\t\t\t--><rs-layer\n\t\t\t\t\t\t\t\tid=\"slider-3-slide-3-layer-2\" \n\t\t\t\t\t\t\t\tclass=\"dsarisemibolditalic\"\n\t\t\t\t\t\t\t\tdata-type=\"text\"\n\t\t\t\t\t\t\t\tdata-color=\"#705250\"\n\t\t\t\t\t\t\t\tdata-rsp_ch=\"on\"\n\t\t\t\t\t\t\t\tdata-xy=\"x:r;xo:39px;y:c;yo:45px;\"\n\t\t\t\t\t\t\t\tdata-text=\"w:normal;s:28;l:28;\"\n\t\t\t\t\t\t\t\tdata-dim=\"w:438px;\"\n\t\t\t\t\t\t\t\tdata-frame_999=\"o:0;st:w;\"\n\t\t\t\t\t\t\t\tstyle=\"z-index:8;font-family:'Roboto';\"\n\t\t\t\t\t\t\t>Deine Sch\u00f6nheit, Deine Geschichte \n\t\t\t\t\t\t\t<\/rs-layer><!--\n\n\t\t\t\t\t\t\t--><rs-layer\n\t\t\t\t\t\t\t\tid=\"slider-3-slide-3-layer-3\" \n\t\t\t\t\t\t\t\tclass=\"dsarilightitalic\"\n\t\t\t\t\t\t\t\tdata-type=\"text\"\n\t\t\t\t\t\t\t\tdata-color=\"#705250\"\n\t\t\t\t\t\t\t\tdata-rsp_ch=\"on\"\n\t\t\t\t\t\t\t\tdata-xy=\"x:r;xo:87px;y:c;yo:92px;\"\n\t\t\t\t\t\t\t\tdata-text=\"w:normal;s:24;l:28;\"\n\t\t\t\t\t\t\t\tdata-dim=\"w:390px;\"\n\t\t\t\t\t\t\t\tdata-frame_999=\"o:0;st:w;\"\n\t\t\t\t\t\t\t\tstyle=\"z-index:7;font-family:'Roboto';\"\n\t\t\t\t\t\t\t>Anna \u017bak & Aleksandra Potocka \n\t\t\t\t\t\t\t<\/rs-layer><!--\n-->\t\t\t\t\t\t<\/rs-slide>\n\t\t\t\t\t<\/rs-slides>\n\t\t\t\t<\/rs-module>\n\t\t\t\t<script>\n\t\t\t\t\tsetREVStartSize({c: 'rev_slider_3_1',rl:[1240,1024,778,480],el:[800],gw:[1240],gh:[800],type:'standard',justify:'',layout:'fullwidth',mh:\"0\"});if (window.RS_MODULES!==undefined && window.RS_MODULES.modules!==undefined && window.RS_MODULES.modules[\"revslider31\"]!==undefined) {window.RS_MODULES.modules[\"revslider31\"].once = false;window.revapi3 = undefined;if (window.RS_MODULES.checkMinimal!==undefined) window.RS_MODULES.checkMinimal()}\n\t\t\t\t<\/script>\n\t\t\t<\/rs-module-wrap>\n\t\t\t<!-- END REVOLUTION SLIDER -->\n[\/vc_column][\/vc_row][vc_row parallax=&#8220;content-moving-fade&#8220; parallax_image=&#8220;96&#8243; css=&#8220;.vc_custom_1719945567072{background-color: #6c5451 !important;}&#8220; el_id=&#8220;onas&#8220;][vc_column el_class=&#8220;whitetxt&#8220;]<div class=\"et-row   \">[vc_row_inner][vc_column_inner width=&#8220;2\/3&#8243;][vc_empty_space height=&#8220;72px&#8220;][vc_column_text css=&#8220;&#8220;]<\/p>\n<h3>\u00dcber uns<\/h3>\n<p><span style=\"font-weight: 400;\">Holistic Scar wurde aus einer Leidenschaft f\u00fcr Sch\u00f6nheit und dem Wunsch heraus gegr\u00fcndet, Menschen mit Narben und Hautdefekten zu helfen. Als erfahrene Fachleute mit einer einzigartigen Sensibilit\u00e4t haben wir eine innovative Methode der Narbenbehandlung entwickelt, die wir mit anderen teilen m\u00f6chten.<\/span>[\/vc_column_text][vc_empty_space][vc_column_text css=&#8220;&#8220;]<\/p>\n<h3>Unsere Philosophie<\/h3>\n<p><span style=\"font-weight: 400;\">Wir wissen, dass Narben nicht nur \u00e4sthetische Defekte verursachen, sondern auch die Funktion des gesamten K\u00f6rpers beeintr\u00e4chtigen, was den Patienten oft nicht bewusst ist. Narben k\u00f6nnen auch an schmerzhafte, schwierige Ereignisse in der Vergangenheit erinnern. Wir m\u00f6chten dazu beitragen, dass die Patienten ihr Selbstvertrauen zur\u00fcckgewinnen und wieder richtig funktionieren. Wir glauben fest daran, dass unsere Arbeit das Leben der Patienten zum Besseren ver\u00e4ndern kann.<br \/>\n<\/span>[\/vc_column_text][vc_empty_space height=&#8220;72px&#8220;][\/vc_column_inner][vc_column_inner width=&#8220;1\/3&#8243;][\/vc_column_inner][\/vc_row_inner]<div class=\"clear\"><\/div><\/div>[\/vc_column][\/vc_row][vc_row css=&#8220;.vc_custom_1719945588937{background-color: #ecdbd2 !important;}&#8220; el_id=&#8220;clinic&#8220;][vc_column el_class=&#8220;maintxt&#8220;]<div class=\"clear\"><\/div><div class=\"firstrow  \" style=\"height: 700px;\"><div class=\"centred et-text-section-left\">\n                <div class=\"first_line \">\n                <\/div>\n                <div class=\"first_title\">\n                  <p>\n                    \n                  <\/p>\n                <\/div>\n                <div class=\"first_description\">\n                  <p>\n                    <img loading=\"lazy\" decoding=\"async\" class=\"alignnone size-medium wp-image-19\" style=\"margin-bottom: 72px;\" src=\"https:\/\/holisticscar.com\/wp-content\/uploads\/2024\/07\/hsc-300x138.png\" alt=\"\" width=\"200\" height=\"92\" srcset=\"https:\/\/holisticscar.com\/wp-content\/uploads\/2024\/07\/hsc-300x138.png 300w, https:\/\/holisticscar.com\/wp-content\/uploads\/2024\/07\/hsc-217x100.png 217w, https:\/\/holisticscar.com\/wp-content\/uploads\/2024\/07\/hsc-510x236.png 510w, https:\/\/holisticscar.com\/wp-content\/uploads\/2024\/07\/hsc.png 512w\" sizes=\"auto, (max-width: 200px) 100vw, 200px\" \/><\/p>\n<h3>Gewinnen Sie Ihr Vertrauen zur\u00fcck mit Holistic Scar Clinic<\/h3>\n<p><span style=\"font-weight: 400;\">Das Ziel der Holistic Scar Clinic ist es, Harmonie und Sch\u00f6nheit im Leben der Patienten wiederherzustellen. Unsere Arbeit umfasst alle Arten von Narben, d. h. postoperative, posttraumatische Narben, Kaiserschnittnarben, Narben nach Verbrennungen, Akne oder Dehnungsstreifen. Sie wirkt auch auf den Zustand der Gesichtshaut ein, verbessert ihre Festigkeit und sorgt f\u00fcr ein l\u00e4ngeres jugendliches Aussehen. <\/span><\/p>\n<div class=\"gap\"><\/div>\n<p>\n                  <\/p>\n                <\/div>\n                <\/div><div class=\" first_image\" style=\"background-image: url(https:\/\/holisticscar.com\/wp-content\/uploads\/2024\/07\/hsc_img-933x768.jpg);\"><\/div><\/div>[\/vc_column][\/vc_row][vc_row css=&#8220;.vc_custom_1719945588937{background-color: #ecdbd2 !important;}&#8220;][vc_column el_class=&#8220;maintxt&#8220;][vc_empty_space height=&#8220;72px&#8220;]<div class=\"et-row   \">[vc_row_inner][vc_column_inner width=&#8220;2\/3&#8243;][vc_column_text css=&#8220;&#8220;]<\/p>\n<h3>Warum ist unsere Methode einzigartig?<\/h3>\n<p><span style=\"font-weight: 400;\">Durch Mikropunkturbehandlungen regen wir die Haut effektiv zur Regeneration an, ohne dass Pr\u00e4parate eingesetzt werden m\u00fcssen. Durch unsere eigene Methode k\u00f6nnen wir spektakul\u00e4re \u00e4sthetische, funktionelle und emotionale Ergebnisse erzielen &#8211; oft helfen wir dabei, im K\u00f6rper empfundene Traumata zu verarbeiten. In der Holistic Scar Clinic verbinden wir Sch\u00f6nheit und Gesundheit und schaffen eine neue Lebensqualit\u00e4t ohne Narben und Scham.<br \/>\n<\/span>[\/vc_column_text][vc_empty_space height=&#8220;72px&#8220;][\/vc_column_inner][vc_column_inner width=&#8220;1\/3&#8243;][vc_column_text css=&#8220;&#8220; el_class=&#8220;maintxt&#8220;]<\/p>\n<h3 style=\"text-align: center;\">Buchen Sie einen Termin mit<\/h3>\n<p style=\"text-align: center;\"><a href=\"http:\/\/holisticscar.booksy.com\" target=\"_blank\" rel=\"noopener\"><img loading=\"lazy\" decoding=\"async\" class=\"size-medium wp-image-122 aligncenter\" style=\"margin: 0 auto;\" src=\"https:\/\/holisticscar.com\/wp-content\/uploads\/2024\/07\/booksy-300x68.png\" alt=\"\" width=\"300\" height=\"68\" srcset=\"https:\/\/holisticscar.com\/wp-content\/uploads\/2024\/07\/booksy-300x68.png 300w, https:\/\/holisticscar.com\/wp-content\/uploads\/2024\/07\/booksy.png 745w\" sizes=\"auto, (max-width: 300px) 100vw, 300px\" \/><\/a><\/p>\n<p>[\/vc_column_text][vc_empty_space height=&#8220;72px&#8220;][\/vc_column_inner][\/vc_row_inner]<div class=\"clear\"><\/div><\/div>[vc_media_grid element_width=&#8220;2&#8243; gap=&#8220;0&#8243; css=&#8220;&#8220; grid_id=&#8220;vc_gid:1722807720629-a8a8b0b4-72a4-4&#8243; include=&#8220;152,42,41,40,39,153&#8243;][\/vc_column][\/vc_row][vc_row equal_height=&#8220;yes&#8220; content_placement=&#8220;middle&#8220; parallax=&#8220;content-moving&#8220; parallax_image=&#8220;109&#8243;][vc_column css=&#8220;.vc_custom_1719944193798{padding-top: 50px !important;padding-bottom: 50px !important;}&#8220; el_class=&#8220;azcentred&#8220;]<div class=\"et-row   \">[vc_empty_space height=&#8220;132px&#8220;][vc_row_inner][vc_column_inner width=&#8220;1\/2&#8243;][vc_column_text css=&#8220;&#8220; el_class=&#8220;maintxt&#8220;]<span style=\"font-weight: 400;\">Weitere Informationen \u00fcber die Mikropunktur &#8211; das Verfahren oder die Indikationen f\u00fcr das Verfahren &#8211; finden Sie auf der Website von <a href=\"https:\/\/annazak.pl\" target=\"_blank\" rel=\"noopener\">Anny \u017bak<\/a>. Dort sind auch Beispiele von Narben zu sehen, die mit dem Verfahren behandelt wurden. Finden Sie heraus, wie wir Ihnen helfen k\u00f6nnen!<br \/>\n<\/span><br \/>\nBesuchen Sie <a href=\"https:\/\/annazak.pl\" target=\"_blank\" rel=\"noopener\">www.annazak.pl<\/a>[\/vc_column_text][\/vc_column_inner][vc_column_inner width=&#8220;1\/2&#8243;][\/vc_column_inner][\/vc_row_inner][vc_empty_space height=&#8220;132px&#8220;]<div class=\"clear\"><\/div><\/div>[\/vc_column][\/vc_row][vc_row css=&#8220;.vc_custom_1719945604466{background-color: #fce3df !important;}&#8220; el_id=&#8220;academy&#8220;][vc_column el_class=&#8220;maintxt&#8220;]<div class=\"clear\"><\/div><div class=\"firstrow  \" style=\"height: 700px;\"><div class=\"centred et-text-section-left\">\n                <div class=\"first_line \">\n                <\/div>\n                <div class=\"first_title\">\n                  <p>\n                    \n                  <\/p>\n                <\/div>\n                <div class=\"first_description\">\n                  <p>\n                    <img loading=\"lazy\" decoding=\"async\" class=\"alignnone wp-image-52 size-medium\" style=\"margin-bottom: 72px;\" src=\"https:\/\/holisticscar.com\/wp-content\/uploads\/2024\/07\/hsa-300x123.png\" alt=\"\" width=\"225\" height=\"92\" srcset=\"https:\/\/holisticscar.com\/wp-content\/uploads\/2024\/07\/hsa-300x123.png 300w, https:\/\/holisticscar.com\/wp-content\/uploads\/2024\/07\/hsa-244x100.png 244w, https:\/\/holisticscar.com\/wp-content\/uploads\/2024\/07\/hsa.png 576w\" sizes=\"auto, (max-width: 225px) 100vw, 225px\" \/><\/p>\n<h3>Werden Sie Teil einer Gemeinschaft von Fachleuten an der Holistic Scar Academy<\/h3>\n<p><span style=\"font-weight: 400;\">Holistic Scar Academy ist der Ort, an dem wir Wissen \u00fcber die Techniken und M\u00f6glichkeiten der Mikropunktur vermitteln. Wir unterrichten unsere eigene Methode, die einen einzigartigen, ganzheitlichen Ansatz f\u00fcr die Arbeit mit Narben darstellt, der die besten und schnellsten Ergebnisse liefert. In der Anti-Aging-Schulung \u201eHolistic Scar Estetic Face and Body\u201d ( &#8222;Holistische Narbenbehandlung Gesicht und K\u00f6rper&#8220;) erfahren Sie hingegen, wie Sie die Auswirkungen der Hautalterung effektiv ausgleichen k\u00f6nnen. W\u00e4hrend der Schulung zeigen wir Ihnen, wie Sie die Festigkeit der Haut wiederherstellen oder Falten, Dehnungsstreifen und Verf\u00e4rbungen behandeln k\u00f6nnen.<br \/>\n<\/span><\/p>\n<div class=\"gap\"><\/div>\n<p>\n                  <\/p>\n                <\/div>\n                <\/div><div class=\" first_image\" style=\"background-image: url(https:\/\/holisticscar.com\/wp-content\/uploads\/2024\/07\/hsa_img-933x768.png);\"><\/div><\/div>[\/vc_column][\/vc_row][vc_row css=&#8220;.vc_custom_1719945604466{background-color: #fce3df !important;}&#8220;][vc_column el_class=&#8220;maintxt&#8220;][vc_empty_space height=&#8220;72px&#8220;]<div class=\"et-row   \">[vc_row_inner][vc_column_inner width=&#8220;2\/3&#8243;][vc_column_text css=&#8220;&#8220;]<\/p>\n<h3>F\u00fcr Anf\u00e4nger und Fortgeschrittene<\/h3>\n<p><span style=\"font-weight: 400;\">Wenn Sie \u00fcber handwerkliches Geschick, Einf\u00fchlungsverm\u00f6gen und einen Sinn f\u00fcr \u00c4sthetik verf\u00fcgen, sind Sie bei der Holistic Scar Academy herzlich willkommen! Wir bilden sowohl Menschen aus, die ihre ersten Schritte auf dem Gebiet der Mikropunktur machen, als auch erfahrene Profis, die neue, effektive Methoden f\u00fcr die Arbeit mit Patienten erlernen m\u00f6chten.<br \/>\n<\/span>[\/vc_column_text][vc_empty_space height=&#8220;16px&#8220;][\/vc_column_inner][vc_column_inner width=&#8220;1\/3&#8243;][vc_column_text css=&#8220;&#8220;]<\/p>\n<h3>Melden Sie sich f\u00fcr die Schulung an<\/h3>\n<p>[\/vc_column_text][vc_toggle title=&#8220;F\u00fcllen Sie das Formular aus&#8220; style=&#8220;arrow&#8220; size=&#8220;sm&#8220; css=&#8220;.vc_custom_1722807619437{margin-top: 32px !important;}&#8220;]\n<div class=\"wpcf7 no-js\" id=\"wpcf7-f230-o1\" lang=\"de-DE\" dir=\"ltr\">\n<div class=\"screen-reader-response\"><p role=\"status\" aria-live=\"polite\" aria-atomic=\"true\"><\/p> <ul><\/ul><\/div>\n<form action=\"\/de\/wp-json\/wp\/v2\/pages\/213#wpcf7-f230-o1\" method=\"post\" class=\"wpcf7-form init\" aria-label=\"Kontaktformular\" novalidate=\"novalidate\" data-status=\"init\">\n<div style=\"display: none;\">\n<input type=\"hidden\" name=\"_wpcf7\" value=\"230\" \/>\n<input type=\"hidden\" name=\"_wpcf7_version\" value=\"5.9.8\" \/>\n<input type=\"hidden\" name=\"_wpcf7_locale\" value=\"de_DE\" \/>\n<input type=\"hidden\" name=\"_wpcf7_unit_tag\" value=\"wpcf7-f230-o1\" \/>\n<input type=\"hidden\" name=\"_wpcf7_container_post\" value=\"0\" \/>\n<input type=\"hidden\" name=\"_wpcf7_posted_data_hash\" value=\"\" \/>\n<\/div>\n<p><label> Name<br \/>\n<span class=\"wpcf7-form-control-wrap\" data-name=\"your-name\"><input size=\"40\" maxlength=\"400\" class=\"wpcf7-form-control wpcf7-text wpcf7-validates-as-required\" autocomplete=\"name\" aria-required=\"true\" aria-invalid=\"false\" value=\"\" type=\"text\" name=\"your-name\" \/><\/span> <\/label><br \/>\n<label> Name<br \/>\n<span class=\"wpcf7-form-control-wrap\" data-name=\"text-255\"><input size=\"40\" maxlength=\"400\" class=\"wpcf7-form-control wpcf7-text\" aria-invalid=\"false\" value=\"\" type=\"text\" name=\"text-255\" \/><\/span><\/label>\n<\/p>\n<p><label>Adresse<br \/>\n<span class=\"wpcf7-form-control-wrap\" data-name=\"text-271\"><input size=\"40\" maxlength=\"400\" class=\"wpcf7-form-control wpcf7-text wpcf7-validates-as-required\" aria-required=\"true\" aria-invalid=\"false\" value=\"\" type=\"text\" name=\"text-271\" \/><\/span><\/label><br \/>\n<label>Geburtsdatum<br \/>\n<span class=\"wpcf7-form-control-wrap\" data-name=\"date-595\"><input class=\"wpcf7-form-control wpcf7-date wpcf7-validates-as-required wpcf7-validates-as-date\" aria-required=\"true\" aria-invalid=\"false\" value=\"\" type=\"date\" name=\"date-595\" \/><\/span><\/label><br \/>\n<label>Kontakt Telefon<br \/>\n<span class=\"wpcf7-form-control-wrap\" data-name=\"tel-705\"><input size=\"40\" maxlength=\"400\" class=\"wpcf7-form-control wpcf7-tel wpcf7-validates-as-required wpcf7-text wpcf7-validates-as-tel\" aria-required=\"true\" aria-invalid=\"false\" value=\"\" type=\"tel\" name=\"tel-705\" \/><\/span><\/label><br \/>\n<label> E-Mail<br \/>\n<span class=\"wpcf7-form-control-wrap\" data-name=\"your-email\"><input size=\"40\" maxlength=\"400\" class=\"wpcf7-form-control wpcf7-email wpcf7-validates-as-required wpcf7-text wpcf7-validates-as-email\" autocomplete=\"email\" aria-required=\"true\" aria-invalid=\"false\" value=\"\" type=\"email\" name=\"your-email\" \/><\/span> <\/label>\n<\/p>\n<p><label>Industrie<br \/>\n<span class=\"wpcf7-form-control-wrap\" data-name=\"text-258\"><input size=\"40\" maxlength=\"400\" class=\"wpcf7-form-control wpcf7-text wpcf7-validates-as-required\" aria-required=\"true\" aria-invalid=\"false\" value=\"\" type=\"text\" name=\"text-258\" \/><\/span><\/label>\n<\/p>\n<p><label><br \/>\n<span class=\"wpcf7-form-control-wrap\" data-name=\"menu-205\"><select class=\"wpcf7-form-control wpcf7-select wpcf7-validates-as-required\" aria-required=\"true\" aria-invalid=\"false\" name=\"menu-205\"><option value=\"\">&#8211; Bitte ausw\u00e4hlen &#8211;<\/option><option value=\"Art der Ausbildung: - Ganzheitliche Narbenmikropunktur - Ganzheitliches Gesichts- und K\u00f6rper-Biolifting - Ganzheitlicher Komplex - Ganzheitlich individuell\">Art der Ausbildung: - Ganzheitliche Narbenmikropunktur - Ganzheitliches Gesichts- und K\u00f6rper-Biolifting - Ganzheitlicher Komplex - Ganzheitlich individuell<\/option><\/select><\/span><\/label>\n<\/p>\n<p><label>Beantworten Sie die Frage:[quiz* quiz-225 \"3+4+2=?|9 12-5+3=?|10 6+8-4=?|10 9-3+7=?|13 10+5-2=?|13 7+6-3=?|10 8-4+9=?|13 15-6+2=?|11 10+3-7=?|6 14-8+5=?|11 20-10+4=?|14 11+6-2=?|15 13-4+8=?|17 9+7-3=?|13 18-6+5=?|17 12+4-7=?|9 10-3+6=?|13 16-8+3=?|11 14+2-5=?|11 8+7-4=?|11\"]<\/label>\n<\/p>\n<p><input class=\"wpcf7-form-control wpcf7-submit has-spinner\" type=\"submit\" value=\"Senden Sie\" \/>\n<\/p><div class=\"wpcf7-response-output\" aria-hidden=\"true\"><\/div>\n<\/form>\n<\/div>\n[\/vc_toggle][\/vc_column_inner][\/vc_row_inner]<div class=\"clear\"><\/div><\/div>[vc_empty_space height=&#8220;72px&#8220;][\/vc_column][\/vc_row][vc_row el_id=&#8220;kontakt&#8220;][vc_column el_class=&#8220;whitetxt&#8220;]<div class=\"et-row   et-apply-gradient\">[vc_empty_space height=&#8220;72px&#8220;][vc_row_inner][vc_column_inner width=&#8220;2\/3&#8243;][vc_column_text css=&#8220;&#8220;]<\/p>\n<h3>Kontakt<\/h3>\n<p><span style=\"font-weight: 400;\">Holistic Scar wurde aus einer Leidenschaft f\u00fcr Sch\u00f6nheit und dem Wunsch heraus gegr\u00fcndet, Menschen mit Narben und Hautdefekten zu helfen. Als erfahrene Fachleute mit einer einzigartigen Sensibilit\u00e4t haben wir eine innovative Methode der Narbenbehandlung entwickelt, die wir mit anderen teilen m\u00f6chten.<\/span><\/p>\n<p><span style=\"font-weight: 400;\">Bei Holistic Scar glauben wir, dass jede Narbe eine Geschichte ist, die wir gemeinsam ver\u00e4ndern k\u00f6nnen.<\/span>[\/vc_column_text][vc_empty_space height=&#8220;16px&#8220;][\/vc_column_inner][vc_column_inner width=&#8220;1\/3&#8243;][vc_column_text css=&#8220;&#8220;]<\/p>\n<h4>Anna \u017bak<\/h4>\n<p><a style=\"color: #fff;\" href=\"tel:+48607675595\">+48 607 675 595<\/a><\/p>\n<h4>Aleksandra Potocka<\/h4>\n<p><a style=\"color: #fff;\" href=\"tel:+48601855354\">+48 601 855 354<\/a><\/p>\n<p>B\u0142\u0119kitna 15a, Bielany Wroc\u0142awskie 55-040[\/vc_column_text][\/vc_column_inner][\/vc_row_inner][vc_empty_space height=&#8220;72px&#8220;]<div class=\"clear\"><\/div><\/div>[\/vc_column][\/vc_row]<\/p>\n<\/div>","protected":false},"excerpt":{"rendered":"<p>[vc_row][vc_column][\/vc_column][\/vc_row][vc_row parallax=&#8220;content-moving-fade&#8220; parallax_image=&#8220;96&#8243; css=&#8220;.vc_custom_1719945567072{background-color: #6c5451 !important;}&#8220; el_id=&#8220;onas&#8220;][vc_column el_class=&#8220;whitetxt&#8220;][\/vc_column][\/vc_row][vc_row css=&#8220;.vc_custom_1719945588937{background-color: #ecdbd2 !important;}&#8220; el_id=&#8220;clinic&#8220;][vc_column el_class=&#8220;maintxt&#8220;][\/vc_column][\/vc_row][vc_row css=&#8220;.vc_custom_1719945588937{background-color: #ecdbd2 !important;}&#8220;][vc_column el_class=&#8220;maintxt&#8220;][vc_empty_space height=&#8220;72px&#8220;][vc_media_grid element_width=&#8220;2&#8243; gap=&#8220;0&#8243; css=&#8220;&#8220; grid_id=&#8220;vc_gid:1722807720629-a8a8b0b4-72a4-4&#8243; include=&#8220;152,42,41,40,39,153&#8243;][\/vc_column][\/vc_row][vc_row equal_height=&#8220;yes&#8220; content_placement=&#8220;middle&#8220; parallax=&#8220;content-moving&#8220; parallax_image=&#8220;109&#8243;][vc_column css=&#8220;.vc_custom_1719944193798{padding-top: 50px !important;padding-bottom: 50px !important;}&#8220; el_class=&#8220;azcentred&#8220;][\/vc_column][\/vc_row][vc_row css=&#8220;.vc_custom_1719945604466{background-color: #fce3df !important;}&#8220; el_id=&#8220;academy&#8220;][vc_column el_class=&#8220;maintxt&#8220;][\/vc_column][\/vc_row][vc_row css=&#8220;.vc_custom_1719945604466{background-color: #fce3df !important;}&#8220;][vc_column el_class=&#8220;maintxt&#8220;][vc_empty_space height=&#8220;72px&#8220;][vc_empty_space height=&#8220;72px&#8220;][\/vc_column][\/vc_row][vc_row el_id=&#8220;kontakt&#8220;][vc_column el_class=&#8220;whitetxt&#8220;][\/vc_column][\/vc_row]<\/p>\n","protected":false},"author":1,"featured_media":0,"parent":0,"menu_order":0,"comment_status":"closed","ping_status":"closed","template":"fullwidth.php","meta":{"footnotes":""},"class_list":["post-213","page","type-page","status-publish","hentry",""],"_links":{"self":[{"href":"https:\/\/holisticscar.com\/de\/wp-json\/wp\/v2\/pages\/213","targetHints":{"allow":["GET"]}}],"collection":[{"href":"https:\/\/holisticscar.com\/de\/wp-json\/wp\/v2\/pages"}],"about":[{"href":"https:\/\/holisticscar.com\/de\/wp-json\/wp\/v2\/types\/page"}],"author":[{"embeddable":true,"href":"https:\/\/holisticscar.com\/de\/wp-json\/wp\/v2\/users\/1"}],"replies":[{"embeddable":true,"href":"https:\/\/holisticscar.com\/de\/wp-json\/wp\/v2\/comments?post=213"}],"version-history":[{"count":6,"href":"https:\/\/holisticscar.com\/de\/wp-json\/wp\/v2\/pages\/213\/revisions"}],"predecessor-version":[{"id":231,"href":"https:\/\/holisticscar.com\/de\/wp-json\/wp\/v2\/pages\/213\/revisions\/231"}],"wp:attachment":[{"href":"https:\/\/holisticscar.com\/de\/wp-json\/wp\/v2\/media?parent=213"}],"curies":[{"name":"wp","href":"https:\/\/api.w.org\/{rel}","templated":true}]}}